{"id":234,"date":"2019-01-10T22:51:44","date_gmt":"2019-01-10T22:51:44","guid":{"rendered":"http:\/\/s521196248.online.de\/?page_id=234"},"modified":"2025-01-14T20:59:19","modified_gmt":"2025-01-14T20:59:19","slug":"impressum","status":"publish","type":"page","link":"https:\/\/www.deutsche-sinfonietta.de\/en\/impressum\/","title":{"rendered":"Impressum"},"content":{"rendered":"","protected":false},"excerpt":{"rendered":"","protected":false},"author":1,"featured_media":0,"parent":0,"menu_order":11,"comment_status":"closed","ping_status":"closed","template":"","meta":[],"class_list":["post-234","page","type-page","status-publish","hentry"],"grid":"{\r\n  \"colCount\": 18,\r\n  \"colGutter\": 0,\r\n  \"rowGutters\": [\r\n    5,\r\n    5\r\n  ],\r\n  \"frameMargin\": 0,\r\n  \"topFrameMargin\": 40,\r\n  \"bottomFrameMargin\": 15,\r\n  \"rowAttrs\": [\r\n    {\r\n      \"relid\": 7\r\n    },\r\n    {\r\n      \"relid\": 8\r\n    },\r\n    {\r\n      \"relid\": 9\r\n    }\r\n  ],\r\n  \"bgColor\": null,\r\n  \"cont\": [\r\n    {\r\n      \"type\": \"img\",\r\n      \"cont\": \"\/wp-content\/uploads\/2023\/10\/dsb_logo_gold.svg\",\r\n      \"align\": \"middle\",\r\n      \"row\": 0,\r\n      \"col\": 3,\r\n      \"colspan\": 3,\r\n      \"offsetx\": 0,\r\n      \"offsety\": 0,\r\n      \"spaceabove\": 0,\r\n      \"spacebelow\": 0,\r\n      \"yvel\": 1,\r\n      \"push\": 3,\r\n      \"relid\": 165,\r\n      \"attid\": 383,\r\n      \"sizes\": {\r\n        \"full\": \"\/wp-content\/uploads\/2023\/10\/dsb_logo_gold.svg\"\r\n      },\r\n      \"ar\": 0.4392857142857143,\r\n      \"alt\": \"\",\r\n      \"dosync\": false,\r\n      \"imagelink\": {\r\n        \"url\": \"\/\",\r\n        \"id\": 2,\r\n        \"type\": \"page\",\r\n        \"newtab\": false,\r\n        \"title\": \"Startseite\"\r\n      },\r\n      \"absolute_position\": false,\r\n      \"w\": 280,\r\n      \"h\": 123\r\n    },\r\n    {\r\n      \"type\": \"text\",\r\n      \"cont\": \"<p class=\\\"_Text_S\\\" style=\\\"text-align: right;\\\"><a href=\\\"https:\/\/www.deutsche-sinfonietta.de\\\">Zur\u00fcck<\/a><\/p>\",\r\n      \"align\": \"middle\",\r\n      \"row\": 0,\r\n      \"col\": 13,\r\n      \"colspan\": 2,\r\n      \"offsetx\": 0,\r\n      \"offsety\": 0,\r\n      \"spaceabove\": 0,\r\n      \"spacebelow\": 0,\r\n      \"yvel\": 1,\r\n      \"push\": 7,\r\n      \"relid\": 6,\r\n      \"dosync\": false,\r\n      \"absolute_position\": false\r\n    },\r\n    {\r\n      \"type\": \"text\",\r\n      \"cont\": \"<h1 class=\\\"_Head1\\\">Impressum<\/h1>\",\r\n      \"align\": \"top\",\r\n      \"row\": 1,\r\n      \"col\": 3,\r\n      \"colspan\": 12,\r\n      \"offsetx\": 0,\r\n      \"offsety\": 0,\r\n      \"spaceabove\": 0,\r\n      \"spacebelow\": 0,\r\n      \"yvel\": 1,\r\n      \"push\": 3,\r\n      \"relid\": 4,\r\n      \"frameOverflow\": \"\",\r\n      \"absolute_position\": false\r\n    },\r\n    {\r\n      \"type\": \"text\",\r\n      \"cont\": \"<p class=\\\"_Musiker\\\"><span class=\\\"color_14\\\">Deutsche\u00a0Sinfonietta\u00a0<\/span><span class=\\\"color_14\\\">Berlin<\/span><\/p><p class=\\\"_Musiker_Inst\\\"><span class=\\\"wixGuard\\\">\u200b<\/span><span class=\\\"color_14\\\">c\/o\u00a0<\/span><span class=\\\"color_14\\\">Dirk Wucherpfennig<br \/><\/span><span class=\\\"color_14\\\">Ludwigkirchstr. 11a<br \/><\/span><span class=\\\"color_14\\\">10719 Berlin<br \/><\/span><span class=\\\"color_14\\\">Telefon: +49 178 3377000<\/span><\/p><p class=\\\"_Musiker_Inst\\\">\u00a0<\/p><div id=\\\"comp-j8nx61le\\\" class=\\\"txtNew\\\" data-packed=\\\"true\\\"><h1 class=\\\"_Head4\\\"><span class=\\\"color_13\\\">Haftung f\u00fcr Inhalte<\/span><\/h1><p class=\\\"_Musiker_Inst\\\">Die Inhalte unserer Seiten wurden mit gr\u00f6\u00dfter Sorgfalt erstellt. Dennoch k\u00f6nnen wir f\u00fcr Richtigkeit, Vollst\u00e4ndigkeit und Aktualit\u00e4t keine Gew\u00e4hr \u00fcbernehmen.<\/p><p class=\\\"_Musiker_Inst\\\">\u00a0<\/p><h1 class=\\\"_Head4\\\"><span class=\\\"color_13\\\">Haftung f\u00fcr Links<\/span><\/h1><p class=\\\"_Musiker_Inst\\\">Unser Webangebot enth\u00e4lt Links zu Webseiten Dritter. Da wir auf deren Inhalte keinen Einfluss haben, k\u00f6nnen wir f\u00fcr diese keine Gew\u00e4hr \u00fcbernehmen. F\u00fcr die Inhalte der verlinkten Seiten sind ausschlie\u00dflich deren Betreiber verantwortlich. Die verlinkten Seiten wurden vor Verlinkung auf m\u00f6gliche rechtswidrige Inhalte \u00fcberpr\u00fcft; solche waren zum Zeitpunkt der Verlinkung nicht erkennbar. Eine permanente inhaltliche Kontrolle der verlinkten Seiten auf m\u00f6gliche Rechtsverst\u00f6\u00dfe ist ohne konkrete Anhaltspunkte f\u00fcr das Vorliegen eines Rechtsversto\u00dfes nicht zumutbar und kann von uns nicht geleistet werden. Sollten uns Rechtsverst\u00f6\u00dfe bekannt werden, werden wir die entsprechenden Verlinkungen umgehend entfernen.<\/p><p class=\\\"_Musiker_Inst\\\">\u00a0<\/p><h1 class=\\\"_Head4\\\">Konzept, Design und Umsetzung<\/h1><p class=\\\"_Musiker_Inst\\\"><a rel=\\\"noopener\\\" href=\\\"https:\/\/www.geraldgeffert.com\\\" target=\\\"_blank\\\" data-id=\\\"0\\\">Gerald Geffert<\/a>,\u00a0<a rel=\\\"noopener\\\" href=\\\"https:\/\/www.pop-net.de\\\" target=\\\"_blank\\\" data-id=\\\"0\\\">Ulrich Pohl<\/a><\/p><p class=\\\"_Musiker_Inst\\\">\u00a0<\/p><h1 class=\\\"_Head4\\\"><span class=\\\"color_13\\\">Bildnachweise<\/span><\/h1><p class=\\\"_Musiker_Inst\\\">\\\"Dirk Wucherpfennig\\\" \u00a9 Geoffroy Schied, \u00a9 Stephan Pramme, <span>\u00a9 Sebastian Runge<\/span><br \/>\\\"Kontrabass\\\" \u00a9 istock, Furtseff<br \/>\\\"Mieczys\u0142aw Weinberg\\\" provided by Tommy Persson, \u00a9 Olga Rakhalskaya<br \/>\\\"Schostakowitsch\/Hallervorden\\\" \u00a9 Sovfoto\\\\UIG, Montage: Claudia Neidig, Agentur Hallervorden<\/p><\/div>\",\r\n      \"align\": \"top\",\r\n      \"row\": 2,\r\n      \"col\": 3,\r\n      \"colspan\": 12,\r\n      \"offsetx\": 0,\r\n      \"offsety\": 0,\r\n      \"spaceabove\": 0,\r\n      \"spacebelow\": 0,\r\n      \"yvel\": 1,\r\n      \"push\": 3,\r\n      \"relid\": 5,\r\n      \"absolute_position\": false\r\n    }\r\n  ]\r\n}","phonegrid":"{\r\n  \"colCount\": 12,\r\n  \"colGutter\": 1,\r\n  \"rowGutters\": [\r\n    5\r\n  ],\r\n  \"frameMargin\": 5,\r\n  \"topFrameMargin\": 10,\r\n  \"bottomFrameMargin\": 25,\r\n  \"rowAttrs\": [\r\n    {\r\n      \"relid\": 10\r\n    },\r\n    {\r\n      \"relid\": 11\r\n    }\r\n  ],\r\n  \"bgColor\": null,\r\n  \"cont\": [\r\n    {\r\n      \"type\": \"text\",\r\n      \"cont\": \"<h1 class=\\\"_Head1\\\">Impressum<\/h1>\",\r\n      \"align\": \"bottom\",\r\n      \"row\": 0,\r\n      \"col\": 0,\r\n      \"colspan\": 12,\r\n      \"offsetx\": 0,\r\n      \"offsety\": 0,\r\n      \"spaceabove\": 0,\r\n      \"spacebelow\": 0,\r\n      \"yvel\": 1,\r\n      \"push\": 0,\r\n      \"relid\": 4,\r\n      \"frameOverflow\": \"\"\r\n    },\r\n    {\r\n      \"type\": \"text\",\r\n      \"cont\": \"<p class=\\\"_Musiker\\\"><span class=\\\"color_14\\\">Deutsche\u00a0Sinfonietta\u00a0<\/span><span class=\\\"color_14\\\">Berlin<\/span><\/p><p class=\\\"_Musiker_Inst\\\"><span class=\\\"wixGuard\\\">\u200b<\/span><span class=\\\"color_14\\\">c\/o\u00a0<\/span><span class=\\\"color_14\\\">Dirk Wucherpfennig<br \/><\/span><span class=\\\"color_14\\\">Ludwigkirchstr. 11a<br \/><\/span><span class=\\\"color_14\\\">10719 Berlin<br \/><\/span><span class=\\\"color_14\\\">Telefon: +49 178 3377000<\/span><\/p><p class=\\\"_Musiker_Inst\\\">\u00a0<\/p><div id=\\\"comp-j8nx61le\\\" class=\\\"txtNew\\\" data-packed=\\\"true\\\"><h1 class=\\\"_Head4\\\"><span class=\\\"color_13\\\">Haftung f\u00fcr Inhalte<\/span><\/h1><p class=\\\"_Musiker_Inst\\\">Die Inhalte unserer Seiten wurden mit gr\u00f6\u00dfter Sorgfalt erstellt. Dennoch k\u00f6nnen wir f\u00fcr Richtigkeit, Vollst\u00e4ndigkeit und Aktualit\u00e4t keine Gew\u00e4hr \u00fcbernehmen.<\/p><p class=\\\"_Musiker_Inst\\\">\u00a0<\/p><h1 class=\\\"_Head4\\\"><span class=\\\"color_13\\\">Haftung f\u00fcr Links<\/span><\/h1><p class=\\\"_Musiker_Inst\\\">Unser Webangebot enth\u00e4lt Links zu Webseiten Dritter. Da wir auf deren Inhalte keinen Einfluss haben, k\u00f6nnen wir f\u00fcr diese keine Gew\u00e4hr \u00fcbernehmen. F\u00fcr die Inhalte der verlinkten Seiten sind ausschlie\u00dflich deren Betreiber verantwortlich. Die verlinkten Seiten wurden vor Verlinkung auf m\u00f6gliche rechtswidrige Inhalte \u00fcberpr\u00fcft; solche waren zum Zeitpunkt der Verlinkung nicht erkennbar. Eine permanente inhaltliche Kontrolle der verlinkten Seiten auf m\u00f6gliche Rechtsverst\u00f6\u00dfe ist ohne konkrete Anhaltspunkte f\u00fcr das Vorliegen eines Rechtsversto\u00dfes nicht zumutbar und kann von uns nicht geleistet werden. Sollten uns Rechtsverst\u00f6\u00dfe bekannt werden, werden wir die entsprechenden Verlinkungen umgehend entfernen.<\/p><p class=\\\"_Musiker_Inst\\\">\u00a0<\/p><h1 class=\\\"_Head4\\\">Konzept, Design und Umsetzung<\/h1><p class=\\\"_Musiker_Inst\\\"><a rel=\\\"noopener\\\" href=\\\"https:\/\/www.geraldgeffert.com\\\" target=\\\"_blank\\\" data-id=\\\"0\\\">Gerald Geffert<\/a>,\u00a0<a rel=\\\"noopener\\\" href=\\\"https:\/\/www.pop-net.de\\\" target=\\\"_blank\\\" data-id=\\\"0\\\">Ulrich Pohl<\/a><\/p><p class=\\\"_Musiker_Inst\\\">\u00a0<\/p><h1 class=\\\"_Head4\\\"><span class=\\\"color_13\\\">Bildnachweise<\/span><\/h1><p class=\\\"_Musiker_Inst\\\">\\\"Dirk Wucherpfennig\\\" \u00a9 Geoffroy Schied, \u00a9 Stephan Pramme, <span>\u00a9 Sebastian Runge<\/span><br \/>\\\"Kontrabass\\\" \u00a9 istock, Furtseff<br \/>\\\"Mieczys\u0142aw Weinberg\\\" provided by Tommy Persson, \u00a9 Olga Rakhalskaya<br \/>\\\"Schostakowitsch\/Hallervorden\\\" \u00a9 Sovfoto\\\\UIG, Montage: Claudia Neidig, Agentur Hallervorden<\/p><\/div>\",\r\n      \"align\": \"bottom\",\r\n      \"row\": 1,\r\n      \"col\": 0,\r\n      \"colspan\": 12,\r\n      \"offsetx\": 0,\r\n      \"offsety\": 0,\r\n      \"spaceabove\": 0,\r\n      \"spacebelow\": 0,\r\n      \"yvel\": 1,\r\n      \"push\": 0,\r\n      \"relid\": 5,\r\n      \"frameOverflow\": \"\",\r\n      \"absolute_position\": false\r\n    }\r\n  ]\r\n}","_links":{"self":[{"href":"https:\/\/www.deutsche-sinfonietta.de\/en\/wp-json\/wp\/v2\/pages\/234","targetHints":{"allow":["GET"]}}],"collection":[{"href":"https:\/\/www.deutsche-sinfonietta.de\/en\/wp-json\/wp\/v2\/pages"}],"about":[{"href":"https:\/\/www.deutsche-sinfonietta.de\/en\/wp-json\/wp\/v2\/types\/page"}],"author":[{"embeddable":true,"href":"https:\/\/www.deutsche-sinfonietta.de\/en\/wp-json\/wp\/v2\/users\/1"}],"replies":[{"embeddable":true,"href":"https:\/\/www.deutsche-sinfonietta.de\/en\/wp-json\/wp\/v2\/comments?post=234"}],"version-history":[{"count":0,"href":"https:\/\/www.deutsche-sinfonietta.de\/en\/wp-json\/wp\/v2\/pages\/234\/revisions"}],"wp:attachment":[{"href":"https:\/\/www.deutsche-sinfonietta.de\/en\/wp-json\/wp\/v2\/media?parent=234"}],"curies":[{"name":"wp","href":"https:\/\/api.w.org\/{rel}","templated":true}]}}